{"id":1710,"date":"2022-05-30T11:53:59","date_gmt":"2022-05-30T08:53:59","guid":{"rendered":"https:\/\/allimex.ee\/contact-us\/"},"modified":"2025-10-03T11:18:01","modified_gmt":"2025-10-03T08:18:01","slug":"vota-uhendust","status":"publish","type":"page","link":"https:\/\/allimex.ee\/et\/vota-uhendust\/","title":{"rendered":"V\u00f5ta \u00fchendust"},"content":{"rendered":"\t\t<div data-elementor-type=\"wp-page\" data-elementor-id=\"1710\" class=\"elementor elementor-1710 elementor-62\">\n\t\t\t\t\t\t<section class=\"elementor-section elementor-top-section elementor-element elementor-element-76d2fa0 elementor-section-full_width elementor-section-height-default elementor-section-height-default\" data-id=\"76d2fa0\" data-element_type=\"section\" data-e-type=\"section\">\n\t\t\t\t\t\t<div class=\"elementor-container elementor-column-gap-default\">\n\t\t\t\t\t<div class=\"elementor-column elementor-col-100 elementor-top-column elementor-element elementor-element-5e4d82d\" data-id=\"5e4d82d\" data-element_type=\"column\" data-e-type=\"column\">\n\t\t\t<div class=\"elementor-widget-wrap elementor-element-populated\">\n\t\t\t\t\t\t<div class=\"elementor-element elementor-element-30f85e3 elementor-widget elementor-widget-roonix_contact_info\" data-id=\"30f85e3\" data-element_type=\"widget\" data-e-type=\"widget\" id=\"get-in-touch\" data-widget_type=\"roonix_contact_info.default\">\n\t\t\t\t<div class=\"elementor-widget-container\">\n\t\t\t\t\t    \r\n    <section class=\"contact-info-section-two\">\r\n        <div class=\"auto-container\">\r\n            <div class=\"row clearfix\">\r\n                                <!-- Info Block -->\r\n                <div class=\"info-block col-lg-4 col-md-6 col-sm-12\">\r\n                    <div class=\"inner-box\">\r\n                                                <div class=\"icon-outer\">\r\n                            <div class=\"icon flaticon-map\"><\/div>\r\n                        <\/div>\r\n                                                <h4>Address line<\/h4>                        <div class=\"text\">M\u00e4nniku, Kandik\u00fcla, 61404 <\/br>Tartu County<\/div>                    <\/div>\r\n                <\/div>\r\n                                <!-- Info Block -->\r\n                <div class=\"info-block col-lg-4 col-md-6 col-sm-12\">\r\n                    <div class=\"inner-box\">\r\n                                                <div class=\"icon-outer\">\r\n                            <div class=\"icon flaticon-telephone\"><\/div>\r\n                        <\/div>\r\n                                                <h4>Phone number<\/h4>                        <div class=\"text\"><a href=\"tel:+37258806686\">+372 5880 6686<\/a><\/div>                    <\/div>\r\n                <\/div>\r\n                                <!-- Info Block -->\r\n                <div class=\"info-block col-lg-4 col-md-6 col-sm-12\">\r\n                    <div class=\"inner-box\">\r\n                                                <div class=\"icon-outer\">\r\n                            <div class=\"icon flaticon-email-1\"><\/div>\r\n                        <\/div>\r\n                                                <h4>Email<\/h4>                        <div class=\"text\"><a href=\"mailto:info@allimex.ee\">info@allimex.ee<\/a><\/div>                    <\/div>\r\n                <\/div>\r\n                            <\/div>\r\n            <!-- Form Box -->\r\n            <div class=\"form-box\">\r\n                <h3>Would you like more information? Send us a message.<\/h3>                <!-- Contact Form -->\r\n                <div class=\"contact-form\">\r\n                    <div id=\"contact-form\">\r\n                        \n<div class=\"wpcf7 no-js\" id=\"wpcf7-f1716-o1\" lang=\"et\" dir=\"ltr\" data-wpcf7-id=\"1716\">\n<div class=\"screen-reader-response\"><p role=\"status\" aria-live=\"polite\" aria-atomic=\"true\"><\/p> <ul><\/ul><\/div>\n<form action=\"\/et\/wp-json\/wp\/v2\/pages\/1710#wpcf7-f1716-o1\" method=\"post\" class=\"wpcf7-form init\" aria-label=\"Contact form\" novalidate=\"novalidate\" data-status=\"init\">\n<fieldset class=\"hidden-fields-container\"><input type=\"hidden\" name=\"_wpcf7\" value=\"1716\" \/><input type=\"hidden\" name=\"_wpcf7_version\" value=\"6.1.5\" \/><input type=\"hidden\" name=\"_wpcf7_locale\" value=\"et\" \/><input type=\"hidden\" name=\"_wpcf7_unit_tag\" value=\"wpcf7-f1716-o1\" \/><input type=\"hidden\" name=\"_wpcf7_container_post\" value=\"0\" \/><input type=\"hidden\" name=\"_wpcf7_posted_data_hash\" value=\"\" \/>\n<\/fieldset>\n<div class=\"row clearfix\">\n\t<div class=\"col-lg-6 col-md-6 col-sm-12 form-group\">\n\t\t<p><span class=\"wpcf7-form-control-wrap\" data-name=\"your-name\"><input size=\"40\" maxlength=\"400\" class=\"wpcf7-form-control wpcf7-text wpcf7-validates-as-required\" aria-required=\"true\" aria-invalid=\"false\" placeholder=\"Nimi*\" value=\"\" type=\"text\" name=\"your-name\" \/><\/span>\n\t\t<\/p>\n\t<\/div>\n\t<div class=\"col-lg-6 col-md-6 col-sm-12 form-group\">\n\t\t<p><span class=\"wpcf7-form-control-wrap\" data-name=\"email\"><input size=\"40\" maxlength=\"400\" class=\"wpcf7-form-control wpcf7-email wpcf7-validates-as-required wpcf7-text wpcf7-validates-as-email\" aria-required=\"true\" aria-invalid=\"false\" placeholder=\"E-post\" value=\"\" type=\"email\" name=\"email\" \/><\/span>\n\t\t<\/p>\n\t<\/div>\n\t<div class=\"col-lg-6 col-md-6 col-sm-12 form-group\">\n\t\t<p><span class=\"wpcf7-form-control-wrap\" data-name=\"phone\"><input size=\"40\" maxlength=\"400\" class=\"wpcf7-form-control wpcf7-text wpcf7-validates-as-required\" aria-required=\"true\" aria-invalid=\"false\" placeholder=\"Telefon*\" value=\"\" type=\"text\" name=\"phone\" \/><\/span>\n\t\t<\/p>\n\t<\/div>\n\t<div class=\"col-lg-6 col-md-6 col-sm-12 form-group\">\n\t\t<p><span class=\"wpcf7-form-control-wrap\" data-name=\"subject\"><input size=\"40\" maxlength=\"400\" class=\"wpcf7-form-control wpcf7-text wpcf7-validates-as-required\" aria-required=\"true\" aria-invalid=\"false\" placeholder=\"Teema*\" value=\"\" type=\"text\" name=\"subject\" \/><\/span>\n\t\t<\/p>\n\t<\/div>\n\t<div class=\"col-lg-12 col-md-12 col-sm-12 form-group\">\n\t\t<p><span class=\"wpcf7-form-control-wrap\" data-name=\"message\"><textarea cols=\"40\" rows=\"10\" maxlength=\"2000\" class=\"wpcf7-form-control wpcf7-textarea wpcf7-validates-as-required\" aria-required=\"true\" aria-invalid=\"false\" placeholder=\"S\u00f5num\" name=\"message\"><\/textarea><\/span>\n\t\t<\/p>\n\t<\/div>\n\t<div class=\"col-lg-12 col-md-12 col-sm-12 form-group clearfix\">\n\t\t<div class=\"pull-left\">\n\t\t\t<p><input class=\"wpcf7-form-control wpcf7-submit has-spinner theme-btn btn-style-two\" type=\"submit\" value=\"Saada\" \/>\n\t\t\t<\/p>\n\t\t<\/div>\n\t<\/div>\n<\/div><div class=\"wpcf7-response-output\" aria-hidden=\"true\"><\/div>\n<\/form>\n<\/div>\n                    <\/div>\r\n                <\/div>\r\n                <!-- End Contact Form -->\r\n            <\/div>\r\n        <\/div>\r\n\t<\/section>\r\n \r\n    \t\t\t\t<\/div>\n\t\t\t\t<\/div>\n\t\t\t\t\t<\/div>\n\t\t<\/div>\n\t\t\t\t\t<\/div>\n\t\t<\/section>\n\t\t\t\t<section class=\"elementor-section elementor-top-section elementor-element elementor-element-7075aaa0 elementor-section-full_width elementor-section-height-default elementor-section-height-default\" data-id=\"7075aaa0\" data-element_type=\"section\" data-e-type=\"section\">\n\t\t\t\t\t\t<div class=\"elementor-container elementor-column-gap-default\">\n\t\t\t\t\t<div class=\"elementor-column elementor-col-100 elementor-top-column elementor-element elementor-element-3d0e0b85\" data-id=\"3d0e0b85\" data-element_type=\"column\" data-e-type=\"column\">\n\t\t\t<div class=\"elementor-widget-wrap elementor-element-populated\">\n\t\t\t\t\t\t<div class=\"elementor-element elementor-element-3adfcaa1 elementor-widget elementor-widget-roonix_newsletter_form\" data-id=\"3adfcaa1\" data-element_type=\"widget\" data-e-type=\"widget\" data-widget_type=\"roonix_newsletter_form.default\">\n\t\t\t\t<div class=\"elementor-widget-container\">\n\t\t\t\t\t    \r\n    <section class=\"newsletter-section\" style=\"background-image:url(https:\/\/allimex.ee\/wp-content\/uploads\/2022\/05\/4.jpg)\">\r\n        <div class=\"auto-container\">\r\n            <div class=\"row clearfix\">\r\n                                <div class=\"column col-lg-6 col-md-12 col-sm-12\">\r\n                    <h3>Ask new product catalog<\/h3>\r\n                <\/div>\r\n                                <div class=\"column col-lg-6 col-md-12 col-sm-12\">\r\n                    <!-- Email Box -->\r\n                    <div class=\"email-box\">\r\n                        \n<div class=\"wpcf7 no-js\" id=\"wpcf7-f1712-o2\" lang=\"et\" dir=\"ltr\" data-wpcf7-id=\"1712\">\n<div class=\"screen-reader-response\"><p role=\"status\" aria-live=\"polite\" aria-atomic=\"true\"><\/p> <ul><\/ul><\/div>\n<form action=\"\/et\/wp-json\/wp\/v2\/pages\/1710#wpcf7-f1712-o2\" method=\"post\" class=\"wpcf7-form init\" aria-label=\"Contact form\" novalidate=\"novalidate\" data-status=\"init\">\n<fieldset class=\"hidden-fields-container\"><input type=\"hidden\" name=\"_wpcf7\" value=\"1712\" \/><input type=\"hidden\" name=\"_wpcf7_version\" value=\"6.1.5\" \/><input type=\"hidden\" name=\"_wpcf7_locale\" value=\"et\" \/><input type=\"hidden\" name=\"_wpcf7_unit_tag\" value=\"wpcf7-f1712-o2\" \/><input type=\"hidden\" name=\"_wpcf7_container_post\" value=\"0\" \/><input type=\"hidden\" name=\"_wpcf7_posted_data_hash\" value=\"\" \/>\n<\/fieldset>\n<p class=\"catalog-btn\"><span class=\"wpcf7-form-control-wrap\" data-name=\"your-email\"><input size=\"40\" maxlength=\"400\" class=\"wpcf7-form-control wpcf7-email wpcf7-validates-as-required wpcf7-text wpcf7-validates-as-email\" aria-required=\"true\" aria-invalid=\"false\" placeholder=\"Sisesta oma e-post\" value=\"\" type=\"email\" name=\"your-email\" \/><\/span><input class=\"wpcf7-form-control wpcf7-submit has-spinner\" type=\"submit\" value=\"Saada\" \/>\n<\/p><div class=\"wpcf7-response-output\" aria-hidden=\"true\"><\/div>\n<\/form>\n<\/div>\n                    <\/div>\r\n                <\/div>\r\n            <\/div>\r\n        <\/div>\r\n    <\/section>\r\n \r\n    \t\t\t\t<\/div>\n\t\t\t\t<\/div>\n\t\t\t\t\t<\/div>\n\t\t<\/div>\n\t\t\t\t\t<\/div>\n\t\t<\/section>\n\t\t\t\t<\/div>\n\t\t","protected":false},"excerpt":{"rendered":"<p>Address line M\u00e4nniku, Kandik\u00fcla, 61404 Tartu County Phone number +372 5880 6686 Email info@allimex.ee Would you like more information? Send us a message. Ask new product catalog<\/p>\n","protected":false},"author":2,"featured_media":0,"parent":0,"menu_order":0,"comment_status":"closed","ping_status":"closed","template":"tpl-default-elementor.php","meta":{"footnotes":""},"class_list":["post-1710","page","type-page","status-publish","hentry"],"yoast_head":"<!-- This site is optimized with the Yoast SEO plugin v27.4 - https:\/\/yoast.com\/product\/yoast-seo-wordpress\/ -->\n<title>V\u00f5ta \u00fchendust - Allimex<\/title>\n<meta name=\"robots\" content=\"index, follow, max-snippet:-1, max-image-preview:large, max-video-preview:-1\" \/>\n<link rel=\"canonical\" href=\"https:\/\/allimex.ee\/et\/vota-uhendust\/\" \/>\n<meta property=\"og:locale\" content=\"et_EE\" \/>\n<meta property=\"og:type\" content=\"article\" \/>\n<meta property=\"og:title\" content=\"V\u00f5ta \u00fchendust - Allimex\" \/>\n<meta property=\"og:description\" content=\"Address line M\u00e4nniku, Kandik\u00fcla, 61404 Tartu County Phone number +372 5880 6686 Email info@allimex.ee Would you like more information? Send us a message. Ask new product catalog\" \/>\n<meta property=\"og:url\" content=\"https:\/\/allimex.ee\/et\/vota-uhendust\/\" \/>\n<meta property=\"og:site_name\" content=\"Allimex\" \/>\n<meta property=\"article:modified_time\" content=\"2025-10-03T08:18:01+00:00\" \/>\n<meta name=\"twitter:card\" content=\"summary_large_image\" \/>\n<meta name=\"twitter:label1\" content=\"Est. reading time\" \/>\n\t<meta name=\"twitter:data1\" content=\"1 minut\" \/>\n<script type=\"application\/ld+json\" class=\"yoast-schema-graph\">{\"@context\":\"https:\\\/\\\/schema.org\",\"@graph\":[{\"@type\":\"WebPage\",\"@id\":\"https:\\\/\\\/allimex.ee\\\/et\\\/vota-uhendust\\\/\",\"url\":\"https:\\\/\\\/allimex.ee\\\/et\\\/vota-uhendust\\\/\",\"name\":\"V\u00f5ta \u00fchendust - Allimex\",\"isPartOf\":{\"@id\":\"https:\\\/\\\/allimex.ee\\\/#website\"},\"datePublished\":\"2022-05-30T08:53:59+00:00\",\"dateModified\":\"2025-10-03T08:18:01+00:00\",\"breadcrumb\":{\"@id\":\"https:\\\/\\\/allimex.ee\\\/et\\\/vota-uhendust\\\/#breadcrumb\"},\"inLanguage\":\"et\",\"potentialAction\":[{\"@type\":\"ReadAction\",\"target\":[\"https:\\\/\\\/allimex.ee\\\/et\\\/vota-uhendust\\\/\"]}]},{\"@type\":\"BreadcrumbList\",\"@id\":\"https:\\\/\\\/allimex.ee\\\/et\\\/vota-uhendust\\\/#breadcrumb\",\"itemListElement\":[{\"@type\":\"ListItem\",\"position\":1,\"name\":\"Home\",\"item\":\"https:\\\/\\\/allimex.ee\\\/et\\\/\"},{\"@type\":\"ListItem\",\"position\":2,\"name\":\"V\u00f5ta \u00fchendust\"}]},{\"@type\":\"WebSite\",\"@id\":\"https:\\\/\\\/allimex.ee\\\/#website\",\"url\":\"https:\\\/\\\/allimex.ee\\\/\",\"name\":\"Allimex\",\"description\":\"\",\"potentialAction\":[{\"@type\":\"SearchAction\",\"target\":{\"@type\":\"EntryPoint\",\"urlTemplate\":\"https:\\\/\\\/allimex.ee\\\/?s={search_term_string}\"},\"query-input\":{\"@type\":\"PropertyValueSpecification\",\"valueRequired\":true,\"valueName\":\"search_term_string\"}}],\"inLanguage\":\"et\"}]}<\/script>\n<!-- \/ Yoast SEO plugin. -->","yoast_head_json":{"title":"V\u00f5ta \u00fchendust - Allimex","robots":{"index":"index","follow":"follow","max-snippet":"max-snippet:-1","max-image-preview":"max-image-preview:large","max-video-preview":"max-video-preview:-1"},"canonical":"https:\/\/allimex.ee\/et\/vota-uhendust\/","og_locale":"et_EE","og_type":"article","og_title":"V\u00f5ta \u00fchendust - Allimex","og_description":"Address line M\u00e4nniku, Kandik\u00fcla, 61404 Tartu County Phone number +372 5880 6686 Email info@allimex.ee Would you like more information? Send us a message. Ask new product catalog","og_url":"https:\/\/allimex.ee\/et\/vota-uhendust\/","og_site_name":"Allimex","article_modified_time":"2025-10-03T08:18:01+00:00","twitter_card":"summary_large_image","twitter_misc":{"Est. reading time":"1 minut"},"schema":{"@context":"https:\/\/schema.org","@graph":[{"@type":"WebPage","@id":"https:\/\/allimex.ee\/et\/vota-uhendust\/","url":"https:\/\/allimex.ee\/et\/vota-uhendust\/","name":"V\u00f5ta \u00fchendust - Allimex","isPartOf":{"@id":"https:\/\/allimex.ee\/#website"},"datePublished":"2022-05-30T08:53:59+00:00","dateModified":"2025-10-03T08:18:01+00:00","breadcrumb":{"@id":"https:\/\/allimex.ee\/et\/vota-uhendust\/#breadcrumb"},"inLanguage":"et","potentialAction":[{"@type":"ReadAction","target":["https:\/\/allimex.ee\/et\/vota-uhendust\/"]}]},{"@type":"BreadcrumbList","@id":"https:\/\/allimex.ee\/et\/vota-uhendust\/#breadcrumb","itemListElement":[{"@type":"ListItem","position":1,"name":"Home","item":"https:\/\/allimex.ee\/et\/"},{"@type":"ListItem","position":2,"name":"V\u00f5ta \u00fchendust"}]},{"@type":"WebSite","@id":"https:\/\/allimex.ee\/#website","url":"https:\/\/allimex.ee\/","name":"Allimex","description":"","potentialAction":[{"@type":"SearchAction","target":{"@type":"EntryPoint","urlTemplate":"https:\/\/allimex.ee\/?s={search_term_string}"},"query-input":{"@type":"PropertyValueSpecification","valueRequired":true,"valueName":"search_term_string"}}],"inLanguage":"et"}]}},"_links":{"self":[{"href":"https:\/\/allimex.ee\/et\/wp-json\/wp\/v2\/pages\/1710","targetHints":{"allow":["GET"]}}],"collection":[{"href":"https:\/\/allimex.ee\/et\/wp-json\/wp\/v2\/pages"}],"about":[{"href":"https:\/\/allimex.ee\/et\/wp-json\/wp\/v2\/types\/page"}],"author":[{"embeddable":true,"href":"https:\/\/allimex.ee\/et\/wp-json\/wp\/v2\/users\/2"}],"replies":[{"embeddable":true,"href":"https:\/\/allimex.ee\/et\/wp-json\/wp\/v2\/comments?post=1710"}],"version-history":[{"count":34,"href":"https:\/\/allimex.ee\/et\/wp-json\/wp\/v2\/pages\/1710\/revisions"}],"predecessor-version":[{"id":1985,"href":"https:\/\/allimex.ee\/et\/wp-json\/wp\/v2\/pages\/1710\/revisions\/1985"}],"wp:attachment":[{"href":"https:\/\/allimex.ee\/et\/wp-json\/wp\/v2\/media?parent=1710"}],"curies":[{"name":"wp","href":"https:\/\/api.w.org\/{rel}","templated":true}]}}