{"id":1721,"date":"2022-05-30T11:41:38","date_gmt":"2022-05-30T08:41:38","guid":{"rendered":"https:\/\/allimex.ee\/about-us\/"},"modified":"2024-06-18T10:19:49","modified_gmt":"2024-06-18T07:19:49","slug":"meist","status":"publish","type":"page","link":"https:\/\/allimex.ee\/et\/meist\/","title":{"rendered":"Meist"},"content":{"rendered":"\t\t<div data-elementor-type=\"wp-page\" data-elementor-id=\"1721\" class=\"elementor elementor-1721 elementor-22\">\n\t\t\t\t\t\t<section class=\"elementor-section elementor-top-section elementor-element elementor-element-da258b5 elementor-section-full_width elementor-section-height-default elementor-section-height-default\" data-id=\"da258b5\" data-element_type=\"section\" data-e-type=\"section\">\n\t\t\t\t\t\t<div class=\"elementor-container elementor-column-gap-default\">\n\t\t\t\t\t<div class=\"elementor-column elementor-col-100 elementor-top-column elementor-element elementor-element-36b1ad6\" data-id=\"36b1ad6\" data-element_type=\"column\" data-e-type=\"column\">\n\t\t\t<div class=\"elementor-widget-wrap elementor-element-populated\">\n\t\t\t\t\t\t<div class=\"elementor-element elementor-element-bb024f4 elementor-widget elementor-widget-roonix_about_us_v3\" data-id=\"bb024f4\" data-element_type=\"widget\" data-e-type=\"widget\" data-widget_type=\"roonix_about_us_v3.default\">\n\t\t\t\t<div class=\"elementor-widget-container\">\n\t\t\t\t\t    \r\n    <section class=\"about-section-two style-two\">\r\n                <div class=\"auto-container\">\r\n            <div class=\"row clearfix\">\r\n                \r\n                <!-- Image Column -->\r\n                <div class=\"image-column col-lg-6 col-md-12 col-sm-12\">\r\n                    <div class=\"inner-column wow fadeInLeft\" data-wow-delay=\"0ms\" data-wow-duration=\"1500ms\">\r\n                        <div class=\"image\">\r\n                            <img decoding=\"async\" src=\"https:\/\/allimex.ee\/wp-content\/uploads\/2024\/06\/Panels.png\" alt=\"Awesome Image\" \/>                            <div class=\"experience-box\" style=\"background-image: url(https:\/\/allimex.ee\/wp-content\/uploads\/2022\/05\/19.png)\">\r\n                                <div class=\"counter\"><span class=\"odometer\" data-count=\"10\"><\/span><\/div>                                <div class=\"text\">Aastat kogemust<\/div>                            <\/div>\r\n                        <\/div>\r\n                    <\/div>\r\n                <\/div>\r\n                \r\n                <!-- Content Column -->\r\n                <div class=\"content-column col-lg-6 col-md-12 col-sm-12\">\r\n                    <div class=\"inner-column wow fadeInRight\" data-wow-delay=\"0ms\" data-wow-duration=\"1500ms\">\r\n                                                <!-- Sec Title -->\r\n                        <div class=\"sec-title\">\r\n                            <div class=\"title\">ETTEV\u00d5TTEST...<\/div>                            <h2>PROFESSIONAALSED PV PAIGALDUSS\u00dcSTEEMID<\/h2>                            <div class=\"text\">Meie universaalsed paigalduss\u00fcsteemid sobivad igat t\u00fc\u00fcpi katustele ja maapaigaldistele. Lahendused sobivad erinevatele projektidele, alates eramutest kuni t\u00f6\u00f6stusteni.<\/div>                        <\/div>\r\n                                                <div class=\"row clearfix\">\r\n                                                        <!-- Info Column -->\r\n                            <div class=\"info-column col-lg-6 col-md-6 col-sm-12\">\r\n                                <div class=\"column-inner\">\r\n                                    <div class=\"icon icon flaticon-envelope\"><\/div>                                    <h4>info@allimex.ee<\/h4>                                    <div class=\"text\">\u00c4rge kahelge ja v\u00f5tke meiega \u00fchendust.<\/div>                                <\/div>\r\n                            <\/div>\r\n                                                        <!-- Info Column -->\r\n                            <div class=\"info-column col-lg-6 col-md-6 col-sm-12\">\r\n                                <div class=\"column-inner\">\r\n                                    <div class=\"icon icon flaticon-phone\"><\/div>                                    <h4>+372 588 06 686<\/h4>                                    <div class=\"text\">Oleme avatud k\u00f5ikidele k\u00fcsimustele!<\/div>                                <\/div>\r\n                            <\/div>\r\n                                                    <\/div>\r\n                    <\/div>\r\n                <\/div>\r\n                \r\n            <\/div>\r\n        <\/div>\r\n    <\/section>\r\n  \r\n    \t\t\t\t<\/div>\n\t\t\t\t<\/div>\n\t\t\t\t\t<\/div>\n\t\t<\/div>\n\t\t\t\t\t<\/div>\n\t\t<\/section>\n\t\t\t\t<section class=\"elementor-section elementor-top-section elementor-element elementor-element-2eab440 elementor-section-full_width elementor-hidden-desktop elementor-hidden-tablet elementor-hidden-mobile elementor-section-height-default elementor-section-height-default\" data-id=\"2eab440\" data-element_type=\"section\" data-e-type=\"section\">\n\t\t\t\t\t\t<div class=\"elementor-container elementor-column-gap-default\">\n\t\t\t\t\t<div class=\"elementor-column elementor-col-100 elementor-top-column elementor-element elementor-element-005f9c2\" data-id=\"005f9c2\" data-element_type=\"column\" data-e-type=\"column\">\n\t\t\t<div class=\"elementor-widget-wrap elementor-element-populated\">\n\t\t\t\t\t\t<div class=\"elementor-element elementor-element-b852231 elementor-widget elementor-widget-roonix_funfacts_v1\" data-id=\"b852231\" data-element_type=\"widget\" data-e-type=\"widget\" data-widget_type=\"roonix_funfacts_v1.default\">\n\t\t\t\t<div class=\"elementor-widget-container\">\n\t\t\t\t\t    \r\n    <section class=\"counter-section style-three\" style=\"background-image: url(https:\/\/allimex.ee\/wp-content\/uploads\/2022\/06\/21.png)\">\r\n        <div class=\"auto-container\">\r\n            <div class=\"inner-container\">\r\n                <div class=\"row clearfix\">\r\n                            \r\n                                        <!-- Counter Column -->\r\n                    <div class=\"counter-block col-lg-3 col-md-6 col-sm-12\">\r\n                        <div class=\"inner-block\">\r\n                            <div class=\"counter\"><span class=\"odometer\" data-count=\"280\"><\/span>+<\/div>                            <div class=\"counter-text\">Projects Complete<\/div>                        <\/div>\r\n                    <\/div>\r\n                                                \r\n                                        <!-- Counter Column -->\r\n                    <div class=\"counter-block col-lg-3 col-md-6 col-sm-12\">\r\n                        <div class=\"inner-block\">\r\n                            <div class=\"counter\"><span class=\"odometer\" data-count=\"899\"><\/span>+<\/div>                            <div class=\"counter-text\">Happy Clients<\/div>                        <\/div>\r\n                    <\/div>\r\n                                                \r\n                                        <!-- Counter Column -->\r\n                    <div class=\"counter-block col-lg-3 col-md-6 col-sm-12\">\r\n                        <div class=\"inner-block\">\r\n                            <div class=\"counter\"><span class=\"odometer\" data-count=\"349\"><\/span>+<\/div>                            <div class=\"counter-text\">Working Projects<\/div>                        <\/div>\r\n                    <\/div>\r\n                                                \r\n                                        <!-- Counter Column -->\r\n                    <div class=\"counter-block col-lg-3 col-md-6 col-sm-12\">\r\n                        <div class=\"inner-block\">\r\n                            <div class=\"counter\"><span class=\"odometer\" data-count=\"145\"><\/span>+<\/div>                            <div class=\"counter-text\">Working Staff<\/div>                        <\/div>\r\n                    <\/div>\r\n                                                        <\/div>\r\n            <\/div>\r\n        <\/div>\r\n    <\/section>\r\n \r\n    \t\t\t\t<\/div>\n\t\t\t\t<\/div>\n\t\t\t\t\t<\/div>\n\t\t<\/div>\n\t\t\t\t\t<\/div>\n\t\t<\/section>\n\t\t\t\t<section class=\"elementor-section elementor-top-section elementor-element elementor-element-87c30c9 elementor-section-full_width elementor-section-height-default elementor-section-height-default\" data-id=\"87c30c9\" data-element_type=\"section\" data-e-type=\"section\">\n\t\t\t\t\t\t<div class=\"elementor-container elementor-column-gap-default\">\n\t\t\t\t\t<div class=\"elementor-column elementor-col-100 elementor-top-column elementor-element elementor-element-98aa489\" data-id=\"98aa489\" data-element_type=\"column\" data-e-type=\"column\">\n\t\t\t<div class=\"elementor-widget-wrap elementor-element-populated\">\n\t\t\t\t\t\t<div class=\"elementor-element elementor-element-a89a696 elementor-widget elementor-widget-roonix_our_services_tab_v2\" data-id=\"a89a696\" data-element_type=\"widget\" data-e-type=\"widget\" data-widget_type=\"roonix_our_services_tab_v2.default\">\n\t\t\t\t<div class=\"elementor-widget-container\">\n\t\t\t\t\t    \r\n    <section class=\"mission-section-two\">\r\n        <div class=\"auto-container\">\r\n            <div class=\"inner-container\">\r\n                <div class=\"row clearfix\">\r\n                \r\n                    <!-- Tab Column -->\r\n                    <div class=\"tab-column col-lg-6 col-md-12 col-sm-12\">\r\n                        <div class=\"inner-column\">\r\n                            \r\n                            <!-- Mission Info Tabs -->\r\n                            <div class=\"mission-info-tabs\">\r\n                                <!-- Product Tabs -->\r\n                                <div class=\"mission-tabs style-two tabs-box\">\r\n                                    <!-- Tab Btns -->\r\n                                    <ul class=\"tab-btns tab-buttons clearfix\">\r\n                                                                                <li data-tab=\"#prod-mission1\" class=\"tab-btn active-btn\">Meie missioon<\/li>\r\n                                                                                <li data-tab=\"#prod-mission2\" class=\"tab-btn \">Meie visioon<\/li>\r\n                                                                            <\/ul>\r\n                                    <!-- Tabs Container -->\r\n                                    <div class=\"tabs-content\">\r\n                                                                                <!-- Tab \/ Active Tab -->\r\n                                        <div class=\"tab active-tab\" id=\"prod-mission1\">\r\n                                                                                        <div class=\"content\">\r\n                                                <h2>PARIMAD TEENUSED PARIMATELE KLIENTIDELE<\/h2>\r\n                                                <p>Me ei piira end olevikuga - julgeme n\u00e4ha tulevikku. Allimexi teadus- ja arendusmeeskond otsib pidevalt viimaseid uuendusi, mis kujundavad homset turgu.\n<\/p>\n<p> Samuti tunnustame teadmiste jagamise v\u00e4\u00e4rtust. Seet\u00f5ttu pakume koolituskursusi ja t\u00f6\u00f6tubasid l\u00e4bi meie Allimex Academy.<\/p>                                            <\/div>\r\n                                                                                    <\/div>\r\n                                                                                <!-- Tab \/ Active Tab -->\r\n                                        <div class=\"tab \" id=\"prod-mission2\">\r\n                                                                                        <div class=\"content\">\r\n                                                <h2>PARIMAD TEENUSED PARIMATELE KLIENTIDELE<\/h2>\r\n                                                <p>Viimaseks, kuid mitte v\u00e4hem oluliseks, on meie suurimaks prioriteediks tagada, et suudame pakkuda seda, mida te meilt k\u00fcsite. Tagame, et saate seda, mida v\u00e4\u00e4rite \u2013 kvaliteetseid tooteid ja teenuseid \u2013 ning teeme seda t\u00f5husal viisil.<\/p>                                            <\/div>\r\n                                                                                    <\/div>\r\n                                                                            <\/div>\r\n                                <\/div>\r\n                            <\/div>\r\n                            \r\n                        <\/div>\r\n                    <\/div>\r\n                    \r\n                    <!-- Image Column -->\r\n                    <div class=\"image-column col-lg-6 col-md-12 col-sm-12\">\r\n                        <div class=\"inner-column\">\r\n                            <div class=\"row clearfix\">\r\n                                                                <!-- Column -->\r\n                                <div class=\"columm col-lg-6 col-md-6 col-sm-6\">\r\n                                    <div class=\"image wow fadeInRight\" data-wow-delay=\"0ms\" data-wow-duration=\"1500ms\">\r\n                                        <img decoding=\"async\" src=\"https:\/\/allimex.ee\/wp-content\/uploads\/2024\/06\/IMG-20240207-WA0033.jpg\" alt=\"Awesome Image\" \/>\r\n                                    <\/div>\r\n                                <\/div>\r\n                                                                                                <!-- Column -->\r\n                                <div class=\"columm col-lg-6 col-md-6 col-sm-6\">\r\n                                    <div class=\"image wow fadeInRight\" data-wow-delay=\"300ms\" data-wow-duration=\"1500ms\">\r\n                                        <img decoding=\"async\" src=\"https:\/\/allimex.ee\/wp-content\/uploads\/2024\/06\/IMG-20240207-WA0028.jpg\" alt=\"Awesome Image\" \/>\r\n                                    <\/div>\r\n                                <\/div>\r\n                                                            <\/div>\r\n                        <\/div>\r\n                    <\/div>\r\n                    \r\n                <\/div>\r\n            <\/div>\r\n        <\/div>\r\n    <\/section>\r\n   \r\n    \t\t\t\t<\/div>\n\t\t\t\t<\/div>\n\t\t\t\t\t<\/div>\n\t\t<\/div>\n\t\t\t\t\t<\/div>\n\t\t<\/section>\n\t\t\t\t<section class=\"elementor-section elementor-top-section elementor-element elementor-element-58a4f2bd elementor-section-full_width elementor-section-height-default elementor-section-height-default\" data-id=\"58a4f2bd\" data-element_type=\"section\" data-e-type=\"section\">\n\t\t\t\t\t\t<div class=\"elementor-container elementor-column-gap-default\">\n\t\t\t\t\t<div class=\"elementor-column elementor-col-100 elementor-top-column elementor-element elementor-element-2c660063\" data-id=\"2c660063\" data-element_type=\"column\" data-e-type=\"column\">\n\t\t\t<div class=\"elementor-widget-wrap elementor-element-populated\">\n\t\t\t\t\t\t<div class=\"elementor-element elementor-element-75a0c193 elementor-widget elementor-widget-roonix_newsletter_form\" data-id=\"75a0c193\" data-element_type=\"widget\" data-e-type=\"widget\" data-widget_type=\"roonix_newsletter_form.default\">\n\t\t\t\t<div class=\"elementor-widget-container\">\n\t\t\t\t\t    \r\n    <section class=\"newsletter-section\" style=\"background-image:url(https:\/\/allimex.ee\/wp-content\/uploads\/2022\/05\/4.jpg)\">\r\n        <div class=\"auto-container\">\r\n            <div class=\"row clearfix\">\r\n                                <div class=\"column col-lg-6 col-md-12 col-sm-12\">\r\n                    <h3>K\u00fcsi uut tootekataloogi<\/h3>\r\n                <\/div>\r\n                                <div class=\"column col-lg-6 col-md-12 col-sm-12\">\r\n                    <!-- Email Box -->\r\n                    <div class=\"email-box\">\r\n                        \n<div class=\"wpcf7 no-js\" id=\"wpcf7-f1712-o1\" lang=\"et\" dir=\"ltr\" data-wpcf7-id=\"1712\">\n<div class=\"screen-reader-response\"><p role=\"status\" aria-live=\"polite\" aria-atomic=\"true\"><\/p> <ul><\/ul><\/div>\n<form action=\"\/et\/wp-json\/wp\/v2\/pages\/1721#wpcf7-f1712-o1\" method=\"post\" class=\"wpcf7-form init\" aria-label=\"Contact form\" novalidate=\"novalidate\" data-status=\"init\">\n<fieldset class=\"hidden-fields-container\"><input type=\"hidden\" name=\"_wpcf7\" value=\"1712\" \/><input type=\"hidden\" name=\"_wpcf7_version\" value=\"6.1.5\" \/><input type=\"hidden\" name=\"_wpcf7_locale\" value=\"et\" \/><input type=\"hidden\" name=\"_wpcf7_unit_tag\" value=\"wpcf7-f1712-o1\" \/><input type=\"hidden\" name=\"_wpcf7_container_post\" value=\"0\" \/><input type=\"hidden\" name=\"_wpcf7_posted_data_hash\" value=\"\" \/>\n<\/fieldset>\n<p class=\"catalog-btn\"><span class=\"wpcf7-form-control-wrap\" data-name=\"your-email\"><input size=\"40\" maxlength=\"400\" class=\"wpcf7-form-control wpcf7-email wpcf7-validates-as-required wpcf7-text wpcf7-validates-as-email\" aria-required=\"true\" aria-invalid=\"false\" placeholder=\"Sisesta oma e-post\" value=\"\" type=\"email\" name=\"your-email\" \/><\/span><input class=\"wpcf7-form-control wpcf7-submit has-spinner\" type=\"submit\" value=\"Saada\" \/>\n<\/p><div class=\"wpcf7-response-output\" aria-hidden=\"true\"><\/div>\n<\/form>\n<\/div>\n                    <\/div>\r\n                <\/div>\r\n            <\/div>\r\n        <\/div>\r\n    <\/section>\r\n \r\n    \t\t\t\t<\/div>\n\t\t\t\t<\/div>\n\t\t\t\t\t<\/div>\n\t\t<\/div>\n\t\t\t\t\t<\/div>\n\t\t<\/section>\n\t\t\t\t<\/div>\n\t\t","protected":false},"excerpt":{"rendered":"<p>Aastat kogemust ETTEV\u00d5TTEST&#8230; PROFESSIONAALSED PV PAIGALDUSS\u00dcSTEEMID Meie universaalsed paigalduss\u00fcsteemid sobivad igat t\u00fc\u00fcpi katustele ja maapaigaldistele. Lahendused sobivad erinevatele projektidele, alates eramutest kuni t\u00f6\u00f6stusteni. info@allimex.ee \u00c4rge kahelge ja v\u00f5tke meiega \u00fchendust. +372 588 06 686 Oleme avatud k\u00f5ikidele k\u00fcsimustele! + Projects Complete + Happy Clients + Working Projects + Working Staff Meie missioon Meie visioon PARIMAD [&hellip;]<\/p>\n","protected":false},"author":2,"featured_media":0,"parent":0,"menu_order":0,"comment_status":"closed","ping_status":"closed","template":"tpl-default-elementor.php","meta":{"footnotes":""},"class_list":["post-1721","page","type-page","status-publish","hentry"],"yoast_head":"<!-- This site is optimized with the Yoast SEO plugin v27.4 - https:\/\/yoast.com\/product\/yoast-seo-wordpress\/ -->\n<title>Meist - Allimex<\/title>\n<meta name=\"robots\" content=\"index, follow, max-snippet:-1, max-image-preview:large, max-video-preview:-1\" \/>\n<link rel=\"canonical\" href=\"https:\/\/allimex.ee\/et\/meist\/\" \/>\n<meta property=\"og:locale\" content=\"et_EE\" \/>\n<meta property=\"og:type\" content=\"article\" \/>\n<meta property=\"og:title\" content=\"Meist - Allimex\" \/>\n<meta property=\"og:description\" content=\"Aastat kogemust ETTEV\u00d5TTEST&#8230; PROFESSIONAALSED PV PAIGALDUSS\u00dcSTEEMID Meie universaalsed paigalduss\u00fcsteemid sobivad igat t\u00fc\u00fcpi katustele ja maapaigaldistele. Lahendused sobivad erinevatele projektidele, alates eramutest kuni t\u00f6\u00f6stusteni. info@allimex.ee \u00c4rge kahelge ja v\u00f5tke meiega \u00fchendust. +372 588 06 686 Oleme avatud k\u00f5ikidele k\u00fcsimustele! + Projects Complete + Happy Clients + Working Projects + Working Staff Meie missioon Meie visioon PARIMAD [&hellip;]\" \/>\n<meta property=\"og:url\" content=\"https:\/\/allimex.ee\/et\/meist\/\" \/>\n<meta property=\"og:site_name\" content=\"Allimex\" \/>\n<meta property=\"article:modified_time\" content=\"2024-06-18T07:19:49+00:00\" \/>\n<meta property=\"og:image\" content=\"https:\/\/allimex.ee\/wp-content\/uploads\/2024\/06\/Panels.png\" \/>\n<meta name=\"twitter:card\" content=\"summary_large_image\" \/>\n<meta name=\"twitter:label1\" content=\"Est. reading time\" \/>\n\t<meta name=\"twitter:data1\" content=\"1 minut\" \/>\n<script type=\"application\/ld+json\" class=\"yoast-schema-graph\">{\"@context\":\"https:\\\/\\\/schema.org\",\"@graph\":[{\"@type\":\"WebPage\",\"@id\":\"https:\\\/\\\/allimex.ee\\\/et\\\/meist\\\/\",\"url\":\"https:\\\/\\\/allimex.ee\\\/et\\\/meist\\\/\",\"name\":\"Meist - Allimex\",\"isPartOf\":{\"@id\":\"https:\\\/\\\/allimex.ee\\\/#website\"},\"primaryImageOfPage\":{\"@id\":\"https:\\\/\\\/allimex.ee\\\/et\\\/meist\\\/#primaryimage\"},\"image\":{\"@id\":\"https:\\\/\\\/allimex.ee\\\/et\\\/meist\\\/#primaryimage\"},\"thumbnailUrl\":\"https:\\\/\\\/allimex.ee\\\/wp-content\\\/uploads\\\/2024\\\/06\\\/Panels.png\",\"datePublished\":\"2022-05-30T08:41:38+00:00\",\"dateModified\":\"2024-06-18T07:19:49+00:00\",\"breadcrumb\":{\"@id\":\"https:\\\/\\\/allimex.ee\\\/et\\\/meist\\\/#breadcrumb\"},\"inLanguage\":\"et\",\"potentialAction\":[{\"@type\":\"ReadAction\",\"target\":[\"https:\\\/\\\/allimex.ee\\\/et\\\/meist\\\/\"]}]},{\"@type\":\"ImageObject\",\"inLanguage\":\"et\",\"@id\":\"https:\\\/\\\/allimex.ee\\\/et\\\/meist\\\/#primaryimage\",\"url\":\"https:\\\/\\\/allimex.ee\\\/wp-content\\\/uploads\\\/2024\\\/06\\\/Panels.png\",\"contentUrl\":\"https:\\\/\\\/allimex.ee\\\/wp-content\\\/uploads\\\/2024\\\/06\\\/Panels.png\"},{\"@type\":\"BreadcrumbList\",\"@id\":\"https:\\\/\\\/allimex.ee\\\/et\\\/meist\\\/#breadcrumb\",\"itemListElement\":[{\"@type\":\"ListItem\",\"position\":1,\"name\":\"Home\",\"item\":\"https:\\\/\\\/allimex.ee\\\/et\\\/\"},{\"@type\":\"ListItem\",\"position\":2,\"name\":\"Meist\"}]},{\"@type\":\"WebSite\",\"@id\":\"https:\\\/\\\/allimex.ee\\\/#website\",\"url\":\"https:\\\/\\\/allimex.ee\\\/\",\"name\":\"Allimex\",\"description\":\"\",\"potentialAction\":[{\"@type\":\"SearchAction\",\"target\":{\"@type\":\"EntryPoint\",\"urlTemplate\":\"https:\\\/\\\/allimex.ee\\\/?s={search_term_string}\"},\"query-input\":{\"@type\":\"PropertyValueSpecification\",\"valueRequired\":true,\"valueName\":\"search_term_string\"}}],\"inLanguage\":\"et\"}]}<\/script>\n<!-- \/ Yoast SEO plugin. -->","yoast_head_json":{"title":"Meist - Allimex","robots":{"index":"index","follow":"follow","max-snippet":"max-snippet:-1","max-image-preview":"max-image-preview:large","max-video-preview":"max-video-preview:-1"},"canonical":"https:\/\/allimex.ee\/et\/meist\/","og_locale":"et_EE","og_type":"article","og_title":"Meist - Allimex","og_description":"Aastat kogemust ETTEV\u00d5TTEST&#8230; PROFESSIONAALSED PV PAIGALDUSS\u00dcSTEEMID Meie universaalsed paigalduss\u00fcsteemid sobivad igat t\u00fc\u00fcpi katustele ja maapaigaldistele. Lahendused sobivad erinevatele projektidele, alates eramutest kuni t\u00f6\u00f6stusteni. info@allimex.ee \u00c4rge kahelge ja v\u00f5tke meiega \u00fchendust. +372 588 06 686 Oleme avatud k\u00f5ikidele k\u00fcsimustele! + Projects Complete + Happy Clients + Working Projects + Working Staff Meie missioon Meie visioon PARIMAD [&hellip;]","og_url":"https:\/\/allimex.ee\/et\/meist\/","og_site_name":"Allimex","article_modified_time":"2024-06-18T07:19:49+00:00","og_image":[{"url":"https:\/\/allimex.ee\/wp-content\/uploads\/2024\/06\/Panels.png","type":"","width":"","height":""}],"twitter_card":"summary_large_image","twitter_misc":{"Est. reading time":"1 minut"},"schema":{"@context":"https:\/\/schema.org","@graph":[{"@type":"WebPage","@id":"https:\/\/allimex.ee\/et\/meist\/","url":"https:\/\/allimex.ee\/et\/meist\/","name":"Meist - Allimex","isPartOf":{"@id":"https:\/\/allimex.ee\/#website"},"primaryImageOfPage":{"@id":"https:\/\/allimex.ee\/et\/meist\/#primaryimage"},"image":{"@id":"https:\/\/allimex.ee\/et\/meist\/#primaryimage"},"thumbnailUrl":"https:\/\/allimex.ee\/wp-content\/uploads\/2024\/06\/Panels.png","datePublished":"2022-05-30T08:41:38+00:00","dateModified":"2024-06-18T07:19:49+00:00","breadcrumb":{"@id":"https:\/\/allimex.ee\/et\/meist\/#breadcrumb"},"inLanguage":"et","potentialAction":[{"@type":"ReadAction","target":["https:\/\/allimex.ee\/et\/meist\/"]}]},{"@type":"ImageObject","inLanguage":"et","@id":"https:\/\/allimex.ee\/et\/meist\/#primaryimage","url":"https:\/\/allimex.ee\/wp-content\/uploads\/2024\/06\/Panels.png","contentUrl":"https:\/\/allimex.ee\/wp-content\/uploads\/2024\/06\/Panels.png"},{"@type":"BreadcrumbList","@id":"https:\/\/allimex.ee\/et\/meist\/#breadcrumb","itemListElement":[{"@type":"ListItem","position":1,"name":"Home","item":"https:\/\/allimex.ee\/et\/"},{"@type":"ListItem","position":2,"name":"Meist"}]},{"@type":"WebSite","@id":"https:\/\/allimex.ee\/#website","url":"https:\/\/allimex.ee\/","name":"Allimex","description":"","potentialAction":[{"@type":"SearchAction","target":{"@type":"EntryPoint","urlTemplate":"https:\/\/allimex.ee\/?s={search_term_string}"},"query-input":{"@type":"PropertyValueSpecification","valueRequired":true,"valueName":"search_term_string"}}],"inLanguage":"et"}]}},"_links":{"self":[{"href":"https:\/\/allimex.ee\/et\/wp-json\/wp\/v2\/pages\/1721","targetHints":{"allow":["GET"]}}],"collection":[{"href":"https:\/\/allimex.ee\/et\/wp-json\/wp\/v2\/pages"}],"about":[{"href":"https:\/\/allimex.ee\/et\/wp-json\/wp\/v2\/types\/page"}],"author":[{"embeddable":true,"href":"https:\/\/allimex.ee\/et\/wp-json\/wp\/v2\/users\/2"}],"replies":[{"embeddable":true,"href":"https:\/\/allimex.ee\/et\/wp-json\/wp\/v2\/comments?post=1721"}],"version-history":[{"count":5,"href":"https:\/\/allimex.ee\/et\/wp-json\/wp\/v2\/pages\/1721\/revisions"}],"predecessor-version":[{"id":1980,"href":"https:\/\/allimex.ee\/et\/wp-json\/wp\/v2\/pages\/1721\/revisions\/1980"}],"wp:attachment":[{"href":"https:\/\/allimex.ee\/et\/wp-json\/wp\/v2\/media?parent=1721"}],"curies":[{"name":"wp","href":"https:\/\/api.w.org\/{rel}","templated":true}]}}